{"id":17935,"date":"2024-07-10T04:21:38","date_gmt":"2024-07-10T04:21:38","guid":{"rendered":"https:\/\/uplastic.com.mx\/sitio\/?page_id=17935"},"modified":"2024-07-29T08:21:26","modified_gmt":"2024-07-29T08:21:26","slug":"articulos","status":"publish","type":"page","link":"https:\/\/uplastic.com.mx\/sitio\/articulos\/","title":{"rendered":"Art\u00edculos"},"content":{"rendered":"<section class=\"wpb-content-wrapper\">[vc_row][vc_column][vc_column_text animation_delay=\u00bb0&#8243;]\n<h4 style=\"text-align: justify;\">Adaptamos nuestros productos y servicios para satisfacer las necesidades espec\u00edficas de los clientes, desde f\u00e1bricas de bolsas de polietileno hasta la comercializaci\u00f3n de m\u00faltiples productos que complementan y agregan valor a nuestra l\u00ednea de negocio\u00a0principal.<\/h4>\n[\/vc_column_text][\/vc_column][\/vc_row][vc_row][vc_column][vc_single_image image=\u00bb17938&#8243; img_size=\u00bbfull\u00bb alignment=\u00bbcenter\u00bb][\/vc_column][\/vc_row][vc_row][vc_column][vc_column_text animation_delay=\u00bb0&#8243;]\n<h3 style=\"text-align: center;\"><strong>LISTADO DE PRODUCTOS<\/strong><\/h3>\n<p>&nbsp;<\/p>\n<ul>\n<li><strong>BOLSAS NATURALES<\/strong><\/li>\n<\/ul>\n<ul>\n<li><strong>BOLSAS PIGMENTADAS<\/strong><\/li>\n<\/ul>\n<ul>\n<li><strong>LAMINAS NATURALES<\/strong><\/li>\n<\/ul>\n<ul>\n<li><strong>LAMINAS PIGMENTADAS<\/strong><\/li>\n<\/ul>\n<ul>\n<li><strong>BOLSAS DE CAMISETAS BLANCAS Y PIGMENTADAS<\/strong><\/li>\n<\/ul>\n<ul>\n<li><strong>BOLSAS TIPO BOUTIQUE<\/strong><\/li>\n<\/ul>\n<ul>\n<li><strong>FUNDAS PARA BARRENO<\/strong><\/li>\n<\/ul>\n<ul>\n<li><strong>BOLSAS PARA MINA<\/strong><\/li>\n<\/ul>\n<ul>\n<li><strong>ROLLOS DE PELICULA NATURAL O PIGMNTADA<\/strong><\/li>\n<\/ul>\n<ul>\n<li><strong>CINTAS EN ROLLO (PRECAUCION, CUIDADO, PELIGRO, ETC).<\/strong><\/li>\n<\/ul>\n<ul>\n<li><strong>BOLSAS PARA CONTACTO CON ALIMENTOS<\/strong><\/li>\n<\/ul>\n<ul>\n<li><strong>PRODUCTOS CON BIO-DEGRADANTE<\/strong><\/li>\n<\/ul>\n<ul>\n<li><strong>BOLSAS CON O SIN FUELLE<\/strong><\/li>\n<\/ul>\n<ul>\n<li><strong>PRODUCTOS FABRICADOS EN ALTA O BAJA DENSIDAD<\/strong><\/li>\n<\/ul>\n<ul>\n<li><strong>IMPRESI\u00d3N DE LOGOTIPOS Y\/O INFORMACION EN NUESTROS PRODUCTOS<\/strong><\/li>\n<\/ul>\n<ul>\n<li><strong>FABRICAMOS CON LAS ESPECIFICACIONES DE MEDIDAS, CALIBRES Y COLORES QUE NOS REQUIERAN<\/strong><\/li>\n<\/ul>\n[\/vc_column_text][vc_single_image image=\u00bb17939&#8243; img_size=\u00bbfull\u00bb alignment=\u00bbcenter\u00bb][\/vc_column][\/vc_row]\n<\/section>","protected":false},"excerpt":{"rendered":"<p>[vc_row][vc_column][vc_column_text animation_delay=\u00bb0&#8243;] Adaptamos nuestros productos y servicios para satisfacer las necesidades espec\u00edficas de los clientes, desde f\u00e1bricas de bolsas de polietileno hasta la comercializaci\u00f3n de m\u00faltiples productos que complementan y agregan valor a nuestra l\u00ednea de negocio\u00a0principal. [\/vc_column_text][\/vc_column][\/vc_row][vc_row][vc_column][vc_single_image image=\u00bb17938&#8243; img_size=\u00bbfull\u00bb alignment=\u00bbcenter\u00bb][\/vc_column][\/vc_row][vc_row][vc_column][vc_column_text animation_delay=\u00bb0&#8243;] LISTADO DE PRODUCTOS &nbsp; BOLSAS NATURALES BOLSAS PIGMENTADAS LAMINAS NATURALES LAMINAS PIGMENTADAS BOLSAS [&hellip;]<\/p>\n","protected":false},"author":1,"featured_media":0,"parent":0,"menu_order":0,"comment_status":"closed","ping_status":"closed","template":"","meta":{"_monsterinsights_skip_tracking":false,"_monsterinsights_sitenote_active":false,"_monsterinsights_sitenote_note":"","_monsterinsights_sitenote_category":0,"footnotes":""},"class_list":["post-17935","page","type-page","status-publish","hentry"],"aioseo_notices":[],"_links":{"self":[{"href":"https:\/\/uplastic.com.mx\/sitio\/wp-json\/wp\/v2\/pages\/17935","targetHints":{"allow":["GET"]}}],"collection":[{"href":"https:\/\/uplastic.com.mx\/sitio\/wp-json\/wp\/v2\/pages"}],"about":[{"href":"https:\/\/uplastic.com.mx\/sitio\/wp-json\/wp\/v2\/types\/page"}],"author":[{"embeddable":true,"href":"https:\/\/uplastic.com.mx\/sitio\/wp-json\/wp\/v2\/users\/1"}],"replies":[{"embeddable":true,"href":"https:\/\/uplastic.com.mx\/sitio\/wp-json\/wp\/v2\/comments?post=17935"}],"version-history":[{"count":12,"href":"https:\/\/uplastic.com.mx\/sitio\/wp-json\/wp\/v2\/pages\/17935\/revisions"}],"predecessor-version":[{"id":17973,"href":"https:\/\/uplastic.com.mx\/sitio\/wp-json\/wp\/v2\/pages\/17935\/revisions\/17973"}],"wp:attachment":[{"href":"https:\/\/uplastic.com.mx\/sitio\/wp-json\/wp\/v2\/media?parent=17935"}],"curies":[{"name":"wp","href":"https:\/\/api.w.org\/{rel}","templated":true}]}}